{"id":1541234,"date":"2024-04-12T13:41:57","date_gmt":"2024-04-12T13:41:57","guid":{"rendered":"https:\/\/applia.acrowd.se\/?page_id=1541234"},"modified":"2025-03-25T07:23:12","modified_gmt":"2025-03-25T07:23:12","slug":"1541234-2","status":"publish","type":"page","link":"https:\/\/www.applia-sverige.se\/en\/1541234-2\/","title":{"rendered":"Members"},"content":{"rendered":"<div style=\"height:69px\" aria-hidden=\"true\" class=\"wp-block-spacer\"><\/div>\n\n\n\n<div class=\"wp-block-columns alignwide is-layout-flex wp-container-core-columns-is-layout-9d6595d7 wp-block-columns-is-layout-flex\">\n<div class=\"wp-block-column is-layout-flow wp-block-column-is-layout-flow\">\n<h3 class=\"wp-block-heading\">Our member companies are divided into three groups based on areas of operation \u2013 MDA, SDA and Commercial.<\/h3>\n<\/div>\n\n\n\n<div class=\"wp-block-column is-layout-flow wp-block-column-is-layout-flow\">\n<p>Major domestic appliances (MDA) refers to, for example, products within the refrigerator\/freezer, washing machine, dishwasher, stove, fan and microwave. Small domestic appliance (SDA) refers to smaller products such as coffee machines, vacuum cleaners, irons and hygiene products. Commercial is equipment intended for professional use.<\/p>\n<\/div>\n<\/div>","protected":false},"excerpt":{"rendered":"<p>V\u00e5ra medlemsf\u00f6retag delas in i tre grupper utifr\u00e5n verksamhetsomr\u00e5den &#8211; MDA, SDA och Commercial. Major domestic appliances (MDA) avser exempelvis varor inom kyl\/frys, tv\u00e4tt, disk, spis, fl\u00e4kt och micro. Small domestic appliance (SDA) avser mindre varor likt kaffemaskiner, dammsugare, strykj\u00e4rn och hygienprodukter. Commercial \u00e4r utrustning avsedd f\u00f6r professionellt bruk.<\/p>","protected":false},"author":1,"featured_media":0,"parent":0,"menu_order":0,"comment_status":"closed","ping_status":"closed","template":"","meta":{"footnotes":""},"class_list":["post-1541234","page","type-page","status-publish","hentry"],"acf":[],"_links":{"self":[{"href":"https:\/\/www.applia-sverige.se\/en\/wp-json\/wp\/v2\/pages\/1541234","targetHints":{"allow":["GET"]}}],"collection":[{"href":"https:\/\/www.applia-sverige.se\/en\/wp-json\/wp\/v2\/pages"}],"about":[{"href":"https:\/\/www.applia-sverige.se\/en\/wp-json\/wp\/v2\/types\/page"}],"author":[{"embeddable":true,"href":"https:\/\/www.applia-sverige.se\/en\/wp-json\/wp\/v2\/users\/1"}],"replies":[{"embeddable":true,"href":"https:\/\/www.applia-sverige.se\/en\/wp-json\/wp\/v2\/comments?post=1541234"}],"version-history":[{"count":7,"href":"https:\/\/www.applia-sverige.se\/en\/wp-json\/wp\/v2\/pages\/1541234\/revisions"}],"predecessor-version":[{"id":1541953,"href":"https:\/\/www.applia-sverige.se\/en\/wp-json\/wp\/v2\/pages\/1541234\/revisions\/1541953"}],"wp:attachment":[{"href":"https:\/\/www.applia-sverige.se\/en\/wp-json\/wp\/v2\/media?parent=1541234"}],"curies":[{"name":"wp","href":"https:\/\/api.w.org\/{rel}","templated":true}]}}