{"id":37,"date":"2024-02-12T18:49:09","date_gmt":"2024-02-12T18:49:09","guid":{"rendered":"https:\/\/svenskelektronik.acrowd.se\/?page_id=37"},"modified":"2024-03-21T12:19:40","modified_gmt":"2024-03-21T12:19:40","slug":"fokusomraden","status":"publish","type":"page","link":"https:\/\/www.applia-sverige.se\/en\/fokusomraden\/","title":{"rendered":"Focus areas"},"content":{"rendered":"<section  class=\"tebab-block-hero alignfull\" style=\"--heading-color: #ffffff;\">\n\n    <img loading=\"lazy\" decoding=\"async\" width=\"1620\" height=\"1080\" src=\"https:\/\/www.applia-sverige.se\/wp-content\/uploads\/2024\/03\/shutterstock_2025147458-1620x1080.jpg\" class=\"attachment-landscape size-landscape\" alt=\"\" srcset=\"https:\/\/www.applia-sverige.se\/wp-content\/uploads\/2024\/03\/shutterstock_2025147458-1620x1080.jpg 1620w, https:\/\/www.applia-sverige.se\/wp-content\/uploads\/2024\/03\/shutterstock_2025147458-300x200.jpg 300w, https:\/\/www.applia-sverige.se\/wp-content\/uploads\/2024\/03\/shutterstock_2025147458-1024x683.jpg 1024w, https:\/\/www.applia-sverige.se\/wp-content\/uploads\/2024\/03\/shutterstock_2025147458-768x512.jpg 768w, https:\/\/www.applia-sverige.se\/wp-content\/uploads\/2024\/03\/shutterstock_2025147458-1536x1024.jpg 1536w, https:\/\/www.applia-sverige.se\/wp-content\/uploads\/2024\/03\/shutterstock_2025147458-2048x1365.jpg 2048w\" sizes=\"auto, (max-width: 1620px) 100vw, 1620px\" \/>\n    <div class=\"contained\">\n                <h1 class=\"tebab-block-hero__heading\">\n            V\u00e5rt p\u00e5verkansarbete         <\/h1>\n\n            <\/div>\n<\/section>\n\n\n<div style=\"height:50px\" aria-hidden=\"true\" class=\"wp-block-spacer\"><\/div>\n\n\n\n<blockquote class=\"wp-block-quote has-text-align-center is-layout-flow wp-block-quote-is-layout-flow\">\n<h1 class=\"wp-block-heading alignwide has-x-large-font-size\">&#8221;Vi vet att det \u00e4r tillsammans, och i de st\u00f6rre perspektiven, som vi kan g\u00f6ra skillnad p\u00e5 riktigt.&#8221;<\/h1>\n<cite>Matts Sp\u00e5ngberg, vd APPLiA Sverige<\/cite><\/blockquote>\n\n\n\n<div style=\"height:50px\" aria-hidden=\"true\" class=\"wp-block-spacer\"><\/div>\n\n\n<section  class=\"tebab-block-posts_carousel alignwide type-focus_area\">\n    \n            <div class=\"carousel-wrapper \">\n                                            <div class=\"focus-area-card\">\n    \n            <div class=\"featured_image\">\n            <img loading=\"lazy\" decoding=\"async\" width=\"300\" height=\"150\" src=\"https:\/\/www.applia-sverige.se\/wp-content\/uploads\/2024\/02\/shutterstock_2267656915-300x150.jpg\" class=\"attachment-medium size-medium\" alt=\"\" srcset=\"https:\/\/www.applia-sverige.se\/wp-content\/uploads\/2024\/02\/shutterstock_2267656915-300x150.jpg 300w, https:\/\/www.applia-sverige.se\/wp-content\/uploads\/2024\/02\/shutterstock_2267656915-1024x512.jpg 1024w, https:\/\/www.applia-sverige.se\/wp-content\/uploads\/2024\/02\/shutterstock_2267656915-768x384.jpg 768w, https:\/\/www.applia-sverige.se\/wp-content\/uploads\/2024\/02\/shutterstock_2267656915-1536x768.jpg 1536w, https:\/\/www.applia-sverige.se\/wp-content\/uploads\/2024\/02\/shutterstock_2267656915-2048x1024.jpg 2048w, https:\/\/www.applia-sverige.se\/wp-content\/uploads\/2024\/02\/shutterstock_2267656915-1920x960.jpg 1920w\" sizes=\"auto, (max-width: 300px) 100vw, 300px\" \/>        <\/div>\n    \n    <div class=\"content-wrapper\">\n        <h3><a tabindex=\"-1\" href=\"https:\/\/www.applia-sverige.se\/en\/fokusomraden\/elektronikskatten\/\">Elektronikskatten<\/a><\/h3>\n\n                    <div class=\"description\">\n                <p>APPLiA driver tillsammans med andra branschf\u00f6reningar ett intensivt p\u00e5verkansarbete ang\u00e5ende den aktuella Elektronikskatten (LSKE), \u00e4ven kallad Kemikalieskatten.&nbsp;H\u00e4r hittar du aktuellt material i debatten.&nbsp; V\u00e5r policy Fler nyheter om elektronikskatten &gt;&gt;<\/p>\n            <\/div>\n        \n        <a class=\"read-more\" href=\"https:\/\/www.applia-sverige.se\/en\/fokusomraden\/elektronikskatten\/\">L\u00e4s mer<span class=\"screenreader\"> om Elektronikskatten<\/span><div class=\"icon-chevron-right\"><\/div><\/a>\n    <\/div>\n<\/div>                                            <div class=\"focus-area-card\">\n    \n            <div class=\"featured_image\">\n            <img loading=\"lazy\" decoding=\"async\" width=\"300\" height=\"200\" src=\"https:\/\/www.applia-sverige.se\/wp-content\/uploads\/2024\/03\/shutterstock_1694927722-300x200.jpg\" class=\"attachment-medium size-medium\" alt=\"\" srcset=\"https:\/\/www.applia-sverige.se\/wp-content\/uploads\/2024\/03\/shutterstock_1694927722-300x200.jpg 300w, https:\/\/www.applia-sverige.se\/wp-content\/uploads\/2024\/03\/shutterstock_1694927722-1024x683.jpg 1024w, https:\/\/www.applia-sverige.se\/wp-content\/uploads\/2024\/03\/shutterstock_1694927722-768x512.jpg 768w, https:\/\/www.applia-sverige.se\/wp-content\/uploads\/2024\/03\/shutterstock_1694927722-1536x1024.jpg 1536w, https:\/\/www.applia-sverige.se\/wp-content\/uploads\/2024\/03\/shutterstock_1694927722-2048x1365.jpg 2048w, https:\/\/www.applia-sverige.se\/wp-content\/uploads\/2024\/03\/shutterstock_1694927722-1620x1080.jpg 1620w\" sizes=\"auto, (max-width: 300px) 100vw, 300px\" \/>        <\/div>\n    \n    <div class=\"content-wrapper\">\n        <h3><a tabindex=\"-1\" href=\"https:\/\/www.applia-sverige.se\/en\/fokusomraden\/right-to-repair\/\">Right-to-repair<\/a><\/h3>\n\n                    <div class=\"description\">\n                <p>APPLiA \u00e4r i grunden positiva till att livsl\u00e4ngden f\u00f6rl\u00e4ngs p\u00e5 produkter utifr\u00e5n att de g\u00e5r att reparera. Vi ser dock vissa problem kring genomf\u00f6randet n\u00e4r lagstiftningarna kring Ecodesign, WEEE och Konsumentlag st\u00e5r i konflikt med varandra. V\u00e5r policy<\/p>\n            <\/div>\n        \n        <a class=\"read-more\" href=\"https:\/\/www.applia-sverige.se\/en\/fokusomraden\/right-to-repair\/\">L\u00e4s mer<span class=\"screenreader\"> om Right-to-repair<\/span><div class=\"icon-chevron-right\"><\/div><\/a>\n    <\/div>\n<\/div>                                            <div class=\"focus-area-card\">\n    \n            <div class=\"featured_image\">\n            <img loading=\"lazy\" decoding=\"async\" width=\"300\" height=\"200\" src=\"https:\/\/www.applia-sverige.se\/wp-content\/uploads\/2024\/03\/shutterstock_1470309182-300x200.jpg\" class=\"attachment-medium size-medium\" alt=\"\" srcset=\"https:\/\/www.applia-sverige.se\/wp-content\/uploads\/2024\/03\/shutterstock_1470309182-300x200.jpg 300w, https:\/\/www.applia-sverige.se\/wp-content\/uploads\/2024\/03\/shutterstock_1470309182-1024x683.jpg 1024w, https:\/\/www.applia-sverige.se\/wp-content\/uploads\/2024\/03\/shutterstock_1470309182-768x512.jpg 768w, https:\/\/www.applia-sverige.se\/wp-content\/uploads\/2024\/03\/shutterstock_1470309182-1536x1024.jpg 1536w, https:\/\/www.applia-sverige.se\/wp-content\/uploads\/2024\/03\/shutterstock_1470309182-2048x1365.jpg 2048w, https:\/\/www.applia-sverige.se\/wp-content\/uploads\/2024\/03\/shutterstock_1470309182-1620x1080.jpg 1620w\" sizes=\"auto, (max-width: 300px) 100vw, 300px\" \/>        <\/div>\n    \n    <div class=\"content-wrapper\">\n        <h3><a tabindex=\"-1\" href=\"https:\/\/www.applia-sverige.se\/en\/fokusomraden\/auktorisation-av-serviceverkstader\/\">Auktoriserade serviceverkst\u00e4der<\/a><\/h3>\n\n                    <div class=\"description\">\n                <p>De av APPLiA auktoriserade serviceverkst\u00e4der f\u00f6rbinder sig till att f\u00f6lja v\u00e5ra kriterier f\u00f6r auktorisation. Kriterierna \u00e4r framtagna i samr\u00e5d med konsumentverket och \u00e4r en garanti f\u00f6r konsumenter och kunder som vill f\u00e5 sina produkter reparerade av kunniga tekniker med h\u00f6g regelefterlevnad. Auktorisation av serviceverkst\u00e4der&nbsp; Se till att era avtalsverkst\u00e4der \u00e4r auktoriserade APPLiA har i samr\u00e5d [&hellip;]<\/p>\n            <\/div>\n        \n        <a class=\"read-more\" href=\"https:\/\/www.applia-sverige.se\/en\/fokusomraden\/auktorisation-av-serviceverkstader\/\">L\u00e4s mer<span class=\"screenreader\"> om Auktoriserade serviceverkst\u00e4der<\/span><div class=\"icon-chevron-right\"><\/div><\/a>\n    <\/div>\n<\/div>                                            <div class=\"focus-area-card\">\n    \n            <div class=\"featured_image\">\n            <img loading=\"lazy\" decoding=\"async\" width=\"300\" height=\"118\" src=\"https:\/\/www.applia-sverige.se\/wp-content\/uploads\/2024\/03\/student-2369142-300x118.jpg\" class=\"attachment-medium size-medium\" alt=\"\" srcset=\"https:\/\/www.applia-sverige.se\/wp-content\/uploads\/2024\/03\/student-2369142-300x118.jpg 300w, https:\/\/www.applia-sverige.se\/wp-content\/uploads\/2024\/03\/student-2369142-1024x403.jpg 1024w, https:\/\/www.applia-sverige.se\/wp-content\/uploads\/2024\/03\/student-2369142-768x302.jpg 768w, https:\/\/www.applia-sverige.se\/wp-content\/uploads\/2024\/03\/student-2369142-1536x604.jpg 1536w, https:\/\/www.applia-sverige.se\/wp-content\/uploads\/2024\/03\/student-2369142-2048x806.jpg 2048w, https:\/\/www.applia-sverige.se\/wp-content\/uploads\/2024\/03\/student-2369142-1920x756.jpg 1920w\" sizes=\"auto, (max-width: 300px) 100vw, 300px\" \/>        <\/div>\n    \n    <div class=\"content-wrapper\">\n        <h3><a tabindex=\"-1\" href=\"https:\/\/www.applia-sverige.se\/en\/fokusomraden\/utbildning\/\">Utbildning<\/a><\/h3>\n\n                    <div class=\"description\">\n                <p>Kompetensf\u00f6rs\u00f6rjningen \u00e4r en viktig fr\u00e5ga f\u00f6r hela v\u00e5r bransch och Applia har l\u00e4nge varit drivande i dessa. Som initiativtagare till YH-utbildningen f\u00f6r servicetekniker&nbsp;gl\u00e4dje vi \u00e5t att \u00f6ver 90% erh\u00e5ller jobb efter utbildningen men v\u00e5rt arbete slutar inte d\u00e4r.&nbsp; APPLiA har under de senaste 15 \u00e5ren arbetat aktivt tillsammans med skolor och myndigheter f\u00f6r att skapa [&hellip;]<\/p>\n            <\/div>\n        \n        <a class=\"read-more\" href=\"https:\/\/www.applia-sverige.se\/en\/fokusomraden\/utbildning\/\">L\u00e4s mer<span class=\"screenreader\"> om Utbildning<\/span><div class=\"icon-chevron-right\"><\/div><\/a>\n    <\/div>\n<\/div>                                <\/div>\n    \n<\/section>\n\n\n<div style=\"height:var(--wp--preset--spacing--80)\" aria-hidden=\"true\" class=\"wp-block-spacer\"><\/div>\n","protected":false},"excerpt":{"rendered":"<p>\u201dWe know that it is together, and in the larger perspective, that we can really make a difference.\u201d Matts Sp\u00e5ngberg, CEO APPLiA Sweden<\/p>","protected":false},"author":1,"featured_media":0,"parent":0,"menu_order":0,"comment_status":"closed","ping_status":"closed","template":"","meta":{"footnotes":""},"class_list":["post-37","page","type-page","status-publish","hentry"],"acf":[],"_links":{"self":[{"href":"https:\/\/www.applia-sverige.se\/en\/wp-json\/wp\/v2\/pages\/37","targetHints":{"allow":["GET"]}}],"collection":[{"href":"https:\/\/www.applia-sverige.se\/en\/wp-json\/wp\/v2\/pages"}],"about":[{"href":"https:\/\/www.applia-sverige.se\/en\/wp-json\/wp\/v2\/types\/page"}],"author":[{"embeddable":true,"href":"https:\/\/www.applia-sverige.se\/en\/wp-json\/wp\/v2\/users\/1"}],"replies":[{"embeddable":true,"href":"https:\/\/www.applia-sverige.se\/en\/wp-json\/wp\/v2\/comments?post=37"}],"version-history":[{"count":2,"href":"https:\/\/www.applia-sverige.se\/en\/wp-json\/wp\/v2\/pages\/37\/revisions"}],"predecessor-version":[{"id":1533017,"href":"https:\/\/www.applia-sverige.se\/en\/wp-json\/wp\/v2\/pages\/37\/revisions\/1533017"}],"wp:attachment":[{"href":"https:\/\/www.applia-sverige.se\/en\/wp-json\/wp\/v2\/media?parent=37"}],"curies":[{"name":"wp","href":"https:\/\/api.w.org\/{rel}","templated":true}]}}