{"id":47,"date":"2024-02-12T18:55:22","date_gmt":"2024-02-12T18:55:22","guid":{"rendered":"https:\/\/svenskelektronik.acrowd.se\/?page_id=47"},"modified":"2026-02-03T16:05:12","modified_gmt":"2026-02-03T16:05:12","slug":"kontakta-oss","status":"publish","type":"page","link":"https:\/\/www.applia-sverige.se\/en\/kontakta-oss\/","title":{"rendered":"Contact us"},"content":{"rendered":"<div style=\"height:var(--wp--preset--spacing--80)\" aria-hidden=\"true\" class=\"wp-block-spacer\"><\/div>\n\n\n\n<div class=\"wp-block-columns alignwide is-layout-flex wp-container-core-columns-is-layout-9d6595d7 wp-block-columns-is-layout-flex\">\n<div class=\"wp-block-column is-content-justification-left is-layout-constrained wp-container-core-column-is-layout-2f799918 wp-block-column-is-layout-constrained\">\n<h1 class=\"wp-block-heading alignwide\">Contact us<\/h1>\n\n\n\n<p>Here you will find our contact information.<\/p>\n\n\n\n<p>APPLiA Sweden has an office at the Confederation of Swedish Enterprise, where around 10 independent industry and interest organizations exist within the technology sector.<\/p>\n<\/div>\n\n\n\n<div class=\"wp-block-column is-vertically-aligned-top is-content-justification-right is-layout-constrained wp-container-core-column-is-layout-b1143090 wp-block-column-is-layout-constrained\"><div  class=\"tebab-block-icon_list\">\n            <div class=\"row\">\n            <div class=\"wrapper\">\n                <img decoding=\"async\" src=\"https:\/\/www.applia-sverige.se\/wp-content\/uploads\/2024\/03\/icon_telefon.png\" alt=\"\">\n            <\/div>\n                            <a href=\"tel: +46 73 078 30 72\" class=\"text h4\">\n                    +46 73 078 30 72                <\/a>\n                    <\/div>\n            <div class=\"row\">\n            <div class=\"wrapper\">\n                <img decoding=\"async\" src=\"https:\/\/www.applia-sverige.se\/wp-content\/uploads\/2024\/03\/icon_brev.png\" alt=\"\">\n            <\/div>\n                            <a href=\"mailto:kansli@applia-sverige.se\" class=\"text h4\">\n                    kansli@applia-sverige.se                <\/a>\n                    <\/div>\n            <div class=\"row\">\n            <div class=\"wrapper\">\n                <img decoding=\"async\" src=\"https:\/\/www.applia-sverige.se\/wp-content\/uploads\/2024\/03\/icon_besok.png\" alt=\"\">\n            <\/div>\n                            <div class=\"text h4\">\n                    Storgatan 19, 114 44 Stockholm                <\/div>\n                    <\/div>\n            <div class=\"row\">\n            <div class=\"wrapper\">\n                <img decoding=\"async\" src=\"https:\/\/www.applia-sverige.se\/wp-content\/uploads\/2024\/03\/icon_linkedin.png\" alt=\"\">\n            <\/div>\n                            <a href=\"https:\/\/se.linkedin.com\/company\/applia-home-appliances-sweden\" class=\"text h4\">\n                    linkedin.com\/applia-sverige                <\/a>\n                    <\/div>\n    <\/div><\/div>\n<\/div>\n\n\n\n<div style=\"height:10px\" aria-hidden=\"true\" class=\"wp-block-spacer\"><\/div>\n\n\n\n<h1 class=\"wp-block-heading alignwide\">Our office<\/h1>\n\n\n\n<div style=\"height:20px\" aria-hidden=\"true\" class=\"wp-block-spacer\"><\/div>\n\n\n<section  class=\"tebab-block-person_grid alignwide layout-small\">\n    <div class=\"contained\">\n        <div class=\"grid\">\n            <div class=\"person-card\">\n    \n            <div class=\"featured_image\">\n            <img loading=\"lazy\" decoding=\"async\" width=\"150\" height=\"150\" src=\"https:\/\/www.applia-sverige.se\/wp-content\/uploads\/2024\/03\/Matts-Spangberg-1-150x150.jpg\" class=\"attachment-thumbnail size-thumbnail\" alt=\"\" \/>        <\/div>\n    \n    <div class=\"content-wrapper\">\n        <div class=\"top\">\n                            <div class=\"title\">\n                    Industry manager                <\/div>\n                    <\/div>\n        \n        <h3>Matt&#039;s Sp\u00e5ngberg<\/h3>\n\n        \n        <div class=\"links\">\n                            <a href=\"tel:+46 73 078 30 72\">\n                    <div class=\"icon icon-phone\"><\/div> +46 73 078 30 72                <\/a>\n            \n                            <a href=\"mailto:matts@applia-sverige.se\">\n                    <div class=\"icon icon-envelope\"><\/div> matts@applia-sverige.se                <\/a>\n                    <\/div>\n        \n    <\/div>\n<\/div><div class=\"person-card\">\n    \n            <div class=\"featured_image\">\n            <img loading=\"lazy\" decoding=\"async\" width=\"150\" height=\"150\" src=\"https:\/\/www.applia-sverige.se\/wp-content\/uploads\/2024\/03\/Kristina-Ros-1-150x150.jpg\" class=\"attachment-thumbnail size-thumbnail\" alt=\"\" \/>        <\/div>\n    \n    <div class=\"content-wrapper\">\n        <div class=\"top\">\n                            <div class=\"title\">\n                    Industry Coordinator                <\/div>\n                    <\/div>\n        \n        <h3>Kristina Rose<\/h3>\n\n        \n        <div class=\"links\">\n                            <a href=\"tel:+46 70 962 65 99\">\n                    <div class=\"icon icon-phone\"><\/div> +46 70 962 65 99                <\/a>\n            \n                            <a href=\"mailto:kansli@applia-sverige.se\">\n                    <div class=\"icon icon-envelope\"><\/div> kansli@applia-sverige.se                <\/a>\n                    <\/div>\n        \n    <\/div>\n<\/div>        <\/div>\n    <\/div>\n<\/section>\n\n\n<div style=\"height:0px\" aria-hidden=\"true\" class=\"wp-block-spacer\"><\/div>\n\n\n\n<div style=\"height:81px\" aria-hidden=\"true\" class=\"wp-block-spacer\"><\/div>\n\n\n\n<div class=\"wp-block-group alignwide tebab-form-image is-content-justification-left is-nowrap is-layout-flex wp-container-core-group-is-layout-f56a869c wp-block-group-is-layout-flex\">\n<figure class=\"wp-block-gallery has-nested-images columns-default is-cropped wp-block-gallery-1 is-layout-flex wp-block-gallery-is-layout-flex\">\n<figure class=\"wp-block-image size-full is-style-rounded\"><img decoding=\"async\" data-id=\"219\" src=\"https:\/\/www.applia-sverige.se\/wp-content\/uploads\/2024\/03\/shutterstock_2221299595-scaled.jpg\" alt=\"\" class=\"wp-image-219\" style=\"aspect-ratio:1;object-fit:cover\"\/><\/figure>\n<\/figure>\n\n\n\n<div class=\"wp-block-group tebab-form-image__content has-white-background-color has-background wp-container-content-9cfa9a5a is-content-justification-center is-nowrap is-layout-flex wp-container-core-group-is-layout-94bc23d7 wp-block-group-is-layout-flex\">\n<h2 class=\"wp-block-heading\">Would you rather be contacted by us? <\/h2>\n\n\n\n<p>Fill out the form and we will get back to you as soon as possible!<\/p>\n\n\n<section  class=\"tebab-block-form\">\n    <form data-tebab-form=\"block_dc58c2b1d079744c006e0ee50a3f7efc\" data-tebab-page=\"47\" action=\"\">\n        <label class=\"input-wrapper required\" for=\"foretagsnamn\">\n    <span>Company: *<\/span>\n    <input type=\"text\" name=\"foretagsnamn\" id=\"foretagsnamn\" placeholder=\"\" required>\n<\/label><label class=\"input-wrapper required\" for=\"namn\">\n    <span>Name: *<\/span>\n    <input type=\"text\" name=\"namn\" id=\"namn\" placeholder=\"\" required>\n<\/label><label class=\"input-wrapper required\" for=\"\">\n    <span>Email: *<\/span>\n    <input type=\"email\" name=\"\" id=\"\" placeholder=\"\" required>\n<\/label><label class=\"input-wrapper\" for=\"\">\n    <span>Matter:<\/span>\n    <textarea type=\"text\" name=\"\" id=\"\" placeholder=\"\"  rows=\"6\"><\/textarea>\n<\/label>\n        <div class=\"input-wrapper\">\n            <button type=\"submit\" class=\"button\">Send<\/button>\n        <\/div>\n\n            <input type=\"hidden\" name=\"trp-form-language\" value=\"en\"\/><\/form>\n<\/section><\/div>\n<\/div>\n\n\n\n<div style=\"height:81px\" aria-hidden=\"true\" class=\"wp-block-spacer\"><\/div>","protected":false},"excerpt":{"rendered":"<p>Kontakta oss H\u00e4r hittar du kontaktuppgifter till oss. APPLiA Sverige har kansli hos Svenskt N\u00e4ringsliv, d\u00e4r ett 10-tal sj\u00e4lvst\u00e4ndiga bransch- och intresseorganisationer finns inom tekniksektorn. V\u00e5rt kansli Vill du hellre bli kontaktad av oss? Fyll i formul\u00e4ret s\u00e5 \u00e5terkommer vi s\u00e5 fort som m\u00f6jligt!<\/p>","protected":false},"author":1,"featured_media":0,"parent":0,"menu_order":0,"comment_status":"closed","ping_status":"closed","template":"","meta":{"footnotes":""},"class_list":["post-47","page","type-page","status-publish","hentry"],"acf":[],"_links":{"self":[{"href":"https:\/\/www.applia-sverige.se\/en\/wp-json\/wp\/v2\/pages\/47","targetHints":{"allow":["GET"]}}],"collection":[{"href":"https:\/\/www.applia-sverige.se\/en\/wp-json\/wp\/v2\/pages"}],"about":[{"href":"https:\/\/www.applia-sverige.se\/en\/wp-json\/wp\/v2\/types\/page"}],"author":[{"embeddable":true,"href":"https:\/\/www.applia-sverige.se\/en\/wp-json\/wp\/v2\/users\/1"}],"replies":[{"embeddable":true,"href":"https:\/\/www.applia-sverige.se\/en\/wp-json\/wp\/v2\/comments?post=47"}],"version-history":[{"count":14,"href":"https:\/\/www.applia-sverige.se\/en\/wp-json\/wp\/v2\/pages\/47\/revisions"}],"predecessor-version":[{"id":1542457,"href":"https:\/\/www.applia-sverige.se\/en\/wp-json\/wp\/v2\/pages\/47\/revisions\/1542457"}],"wp:attachment":[{"href":"https:\/\/www.applia-sverige.se\/en\/wp-json\/wp\/v2\/media?parent=47"}],"curies":[{"name":"wp","href":"https:\/\/api.w.org\/{rel}","templated":true}]}}